{"id":240,"date":"2025-02-11T13:52:10","date_gmt":"2025-02-11T12:52:10","guid":{"rendered":"https:\/\/donat-donatural.wp.dev.optiweb.si\/privacy-policy\/"},"modified":"2026-02-23T12:30:43","modified_gmt":"2026-02-23T11:30:43","slug":"pravila-zasebnosti","status":"publish","type":"page","link":"https:\/\/donat-donatural.wp.dev.optiweb.si\/sl\/pravila-zasebnosti\/","title":{"rendered":"Pravila zasebnosti"},"content":{"rendered":"<div id=\"\"\n     class=\"ow_container_section has-584-container content_padding_top_80 content_padding_bottom_80\">\n            <div class=\"container\">\n        <div class=\"content\">\n            \n\n<h1 class=\"wp-block-heading\">Pravila zasebnosti<\/h1>\n\n\n\n<p>Atlantic Droga Kolinska d.o.o. (v nadaljevanju: Dru\u017eba) je del poslovnega sistema Atlantic Grupe, v okviru katerega so vzpostavljeni in uporabljeni visoki standardi poslovnega upravljanja in transparentnega poslovanja, kar pomeni odgovorno, zakonito in eti\u010dno utemeljeno obna\u0161anje vseh pravnih subjektov Atlantic Grupe, ki hkrati vklju\u010dujejo spo\u0161tovanje zasebnosti in varstvo osebnih podatkov.<\/p>\n\n\n\n<p>Ob upo\u0161tevanju omenjenih standardov, Dru\u017eba kot vodja obdelave v okviru poslovnega sistema Atlantic Grupe, zbira in obdeluje osebne podatke zakonito, po\u0161teno in transparentno, v skladu z veljavnimi predpisi ter izvaja ustrezne tehni\u010dne in organizacijske ukrepe zaradi za\u0161\u010dite osebnih podatkov pred nezakonitim dostopom in zlorabo.<\/p>\n\n\n\n<p>Dru\u017eba se zaveda, da je varstvo osebnih podatkov pomembno tako na\u0161im uporabnikom, kakor tudi drugim posameznikom. Prav zaradi tega vas \u017eelimo obvestiti, katere osebne podatke zbiramo, kako z njimi upravljamo in kako skrbimo za njihovo varstvo.<\/p>\n\n\n\n<h3 class=\"wp-block-heading\">Namen, obseg in pravni temelj obdelave<\/h3>\n\n\n\n<p>Osebni podatki se zbirajo za posebne, izrecne in zakonite namene, v nujnem obsegu in se obdelujejo na na\u010din, ki je skladen s temi nameni.<\/p>\n\n\n\n<p>Dru\u017eba bo osebne podatke zbirala in obdelovala samo v primerih, ko je to s predpisi dovoljeno:<\/p>\n\n\n\n<ul class=\"wp-block-list\">\n<li>obdelava je potrebna zaradi izpolnitve zakonske obveznosti<\/li>\n\n\n\n<li>ko je posameznik privolil v obdelavo svojih osebnih podatkov<\/li>\n\n\n\n<li>obdelava je potrebna za izvajanje pogodbe, katere pogodbena stranka je posameznik, na katerega se nana\u0161ajo osebni podatki, ali za izvajanje ukrepov na zahtevo takega posameznika pred sklenitvijo pogodbe<\/li>\n\n\n\n<li>obdelava je potrebna za za\u0161\u010dito \u017eivljenjskih interesov posameznika, na katerega se nana\u0161ajo osebni podatki, ali druge fizi\u010dne osebe;<\/li>\n\n\n\n<li>obdelava je potrebna za zakonite interese Dru\u017ebe ali povezanih dru\u017eb.<\/li>\n<\/ul>\n\n\n\n<h3 class=\"wp-block-heading\">Zbiranje in uporaba osebnih podatkov<\/h3>\n\n\n\n<p>Osebni podatki so informacije, ki vas neposredno ali posredno identificirajo. To so na primer va\u0161e ime in priimek, elektronski naslov, telefonska \u0161tevilka, IP naslov ali po\u0161tni naslov.<\/p>\n\n\n\n<p>Dru\u017eba ne zbira va\u0161ih osebnih podatkov, razen v primeru, ko vi izrecno predlo\u017eite tovrstne podatke (na primer v poizvedbi za dolo\u010denim izdelkom ali storitvijo, sklenitvijo pogodbe ali zahtevkom za dolo\u010dena postopanja pred sklenitvijo pogodbe, z vklju\u010ditvijo v programe zvestobe, ob prijavi na elektronske novice, sodelovanju v anketah, razpisih in nagradnih igrah, naro\u010danju vzorcev ali bro\u0161ur, pro\u0161njah za donacije in ob zahtevanju dolo\u010denih informacij, predajo \u017eivljenjepisa ali odprte ponudbe ali ob prijavi na razpise za prosta delovna mesta, kakor tudi z zaposlitvijo v na\u0161i Dru\u017ebi\u2026).<\/p>\n\n\n\n<p>Va\u0161e osebne podatke zbiramo, shranjujemo, uporabljamo ali prena\u0161amo v obsegu \u2013 vsebinskem in \u010dasovnem \u2013 ki je potreben v dolo\u010denem primeru, na primer, da odgovorimo na va\u0161a vpra\u0161anja, izpolnimo &nbsp;va\u0161e zahteve, vas obvestimo o na\u0161ih izdelkih ali rezultatih razpisa ali nagradne igre, izpolnjujemo pogodbeno obveznost ali nujna postopanja pred sklenitvijo pogodbe, ali izpolnjujemo druge na\u0161e zakonske in pravne obveznosti. Zaradi teh razlogov mora Dru\u017eba osebne podatke v\u010dasih prenesti drugim dru\u017ebam v Atlantic Grupi in povezanim dru\u017ebam ali zunanjim ponudnikom storitev v nadaljnjo obdelavo. Ponudniki storitev so lahko anga\u017eirani na primer v kontekstu storitev klicnega centra, distribucije blaga ali ogla\u0161evalskega materiala ali za organizacijo in izvedbo nagradnih iger. Dru\u017eba od teh strani zahteva, da sprejmejo veljavne pravne predpise, ravnajo v skladu z na\u0161imi navodili in da upo\u0161tevajo na\u0161a interna pravila o varstvu osebnih podatkov, kakor tudi, da sprejmejo ustrezne organizacijske in tehni\u010dne ukrepe varovanja. Zaradi teh razlogov bodo morali va\u0161i osebni podatki biti preneseni tudi v druge dr\u017eave EU ali dr\u017eave izven EU, vendar bo Dru\u017eba pri tovrstnem prenosu poskrbela, da bo ta prenos povsem skladen z zakonom in da bo prenos opravljen z vsemi razpolo\u017eljivimi in primernimi ukrepi varstva osebnih podatkov.<\/p>\n\n\n\n<p>Dru\u017eba jam\u010di, da va\u0161ih osebnih podatkov ne bo nikomur prodajala, da va\u0161ih osebnih podatkov ne bo posredovala ali posojala tretji strani, \u010de to ni potrebno za izpolnitev dolo\u010denega namena, za katerega ste nam osebne podatke dali, prav tako jam\u010di, da va\u0161ih osebnih podatkov ne bo dala kateremu koli nepoobla\u0161\u010denemu prejemniku.<\/p>\n\n\n\n<p>Obstaja mo\u017enost, da bomo morali va\u0161e osebne podatke dostaviti pristojnemu organu javne oblasti, v primeru, ko to zahteva zakon ali drugi zavezujo\u010di predpis.<\/p>\n\n\n\n<p>Zbrani podatki se bodo hranili tako dolgo, kolikor je to potrebno za namen, za katerega so zbrani, oziroma do roka dolo\u010denega v veljavnih predpisih.<\/p>\n\n\n\n<h3 class=\"wp-block-heading\">Uporaba osebnih podatkov za namene ogla\u0161evanja in tr\u017eenja<\/h3>\n\n\n\n<p>Ko se va\u0161i osebni podatki uporabljajo za namene ogla\u0161evanja in tr\u017eenja skladno z veljavnimi zakonskimi predpisi s podro\u010dja varstva osebnih podatkov, bodo va\u0161i podatki shranjeni in uporabljeni za te namene, na primer za po\u0161iljanje elektronskih obvestil, vzorcev izdelkov, vabil na sodelovanje na nate\u010dajih in v nagradnih igrah po elektronski po\u0161ti ali po po\u0161ti ali po drugem komunikacijskem kanalu, ki ste ga sprejeli.<\/p>\n\n\n\n<p>\u010ce se bodo va\u0161i osebni podatki uporabljali za namen po\u0161iljanja individualnih (vam) prilagojenih oglasov in promocij zaradi ustvarjanja in vzdr\u017eevanja uporabni\u0161kega profila, boste o tem v naprej obve\u0161\u010deni, torej \u0161e pred po\u0161iljanjem tovrstnih oglasov in promocij, pred tovrstno obdelavo osebnih podatkov pa vas bomo vsekakor zaprosili posebej, izrecno in informirano za privolitev.<\/p>\n\n\n\n<p>Va\u0161e podatke bomo prav tako uporabili, \u010de bomo \u017eeleli analizirati in izbolj\u0161ati u\u010dinkovitost na\u0161ih spletnih storitev, ogla\u0161evanja, tr\u017eenja, tr\u017enih raziskav in prodajnih prizadevanj v anketah ali raznih drugih vpra\u0161alnikih, ali na na\u010din, ki bo zagotavljal, da se va\u0161i osebni podatki ne navedejo z imenom oziroma, &nbsp;da se ne morejo povezati s konkretno osebo.&nbsp;<\/p>\n\n\n\n<h3 class=\"wp-block-heading\">Uveljavljanje pravice posameznika\u00a0<\/h3>\n\n\n\n<p>V katerem koli trenutku lahko od nas zahtevate informacijo o svojih osebnih podatkih, ki jih obdelujemo, ali zahtevate njihov popravek, lahko prekli\u010dete njihovo uporabo, ali izbris svojih osebnih podatkov, ali preklic privolitve za vse ali samo za nekatere namene (razen ko to ni mogo\u010de, na primer, ko gre za obdelavo podatkov za statisti\u010dne namene, za katere osebni podatki nikakor ne omogo\u010dajo identifikacije), oziroma prepoveste prenos podatkov drugemu vodji obdelave pod zakonskimi pogoji, prav tako pa lahko odjavite sprejemanje na\u0161ih informativnih in promocijskih materialov.<\/p>\n\n\n\n<p>Prav tako lahko vlo\u017eite ugovor na uporabo svojih osebnih podatkov v situacijah, ki so utemeljene na obstoju na\u0161ega legitimnega interesa, \u0161e posebej, ko jih uporabljamo za potrebe neposrednega tr\u017eenja.<\/p>\n\n\n\n<p>Z na\u0161e strani bomo v najve\u010dji mo\u017eni in razumni meri skrbeli za to, da bodo osebni podatki, ki ste nam jih dostavili na razpolaganje, pravilno evidentirani, hkrati pa je odgovornost za to\u010dnost tudi na va\u0161i strani, zato vas prosimo, da podatke redno in pravo\u010dasno posodabljate, oziroma da nam dostavite zahtevek za vpis spremembe ali za popravek.<\/p>\n\n\n\n<p>Za uveljavitev vseh svojih pravic in obveznosti glede uporabe osebnih podatkov se lahko obrnete na elektronski naslov ali naslov sede\u017ea Dru\u017ebe, ki ju boste na\u0161li na spletni strani, ali na elektronski naslov:&nbsp;<a href=\"mailto:dpo@atlanticgrupa.com\">dpo@atlanticgrupa.com<\/a>, ali po navodilu na dostavljenih promocijskih materialih.<\/p>\n\n\n\n<p>Ob vzpostavitvi kontakta in prejemu navedenih zahtev, bomo vlo\u017eili razumne napore, da potrdimo va\u0161o identiteto in prepre\u010dimo neavtorizirano obdelavo osebnih podatkov.<\/p>\n\n\n\n<p>Po prejemu va\u0161ih zahtev bomo zahtevano aktivnost izvedli v primernem roku, vendar najkasneje v roku 30 dni od prejema ter vas o tem po potrebi obvestili, vse skladno z zakonom.<\/p>\n\n\n\n<h3 class=\"wp-block-heading\">Otroci<\/h3>\n\n\n\n<p>Praviloma podatke o otrocih ne zbiramo. \u010ce ugotovimo, da so nam le ti posredovani brez privolitve star\u0161ev ali zakonitih zastopnikov, jih bomo izbrisali v najkraj\u0161em mo\u017enem \u010dasu. Pri tem bomo upo\u0161tevali smernice, ki smo jih&nbsp; prejeli od vas kot star\u0161a ali zakonitega skrbnika.<\/p>\n\n\n\n<p>V kolikor bi vendarle za neke namene zbirali podatke o otrocih, starih toliko, da je skladno z veljavnimi zakoni za obdelavo njihovih osebnih podatkov potrebna privolitev&nbsp; star\u0161ev, bomo o tem objavili ustrezno informacijo in uporabili razumne ukrepe, da bi ugotovili, ali imajo otroci privolitev star\u0161ev oziroma zakonitega skrbnika.<\/p>\n\n\n\n<h3 class=\"wp-block-heading\">Varnost podatkov<\/h3>\n\n\n\n<p>Implementirali smo tehni\u010dne in organizacijske ukrepe, da bi prepre\u010dili izgubo va\u0161ih podatkov, spreminjanje, odtujitev ali dostop nepoobla\u0161\u010dene tretje strani, oziroma kakr\u0161no koli nepoobla\u0161\u010deno obdelavo le teh. Dostop k va\u0161im osebnim podatkom je omejen samo na tiste zaposlene, ki so jim te informacije potrebne za posredovanje na\u0161ih storitev oziroma za re\u0161evanje va\u0161ega vpra\u0161anja.&nbsp; Nenehno izobra\u017eujemo na\u0161e zaposlene o tem, kako pomembna je zaupnost podatkov in ohranjanje zasebnosti in varstvo va\u0161ih podatkov. Zbiramo samo tiste podatke, ki so potrebni za dolo\u010deno obdelavo in jih ne hranimo dlje, kot je to potrebno oziroma dolo\u010deno z zakonskimi predpisi.<\/p>\n\n\n\n<p>Na na\u0161i spletni strani boste lahko ob\u010dasno na\u0161li povezave na druge spletne strani ali portale, lahko pa vam ponudimo tudi zna\u010dilnosti dru\u017ebenih omre\u017eij, ki omogo\u010dajo delitev osebnih podatkov na dru\u017ebenih omre\u017ejih. Priporo\u010damo, da vsekakor predhodno preberete pravila o varstvu osebnih podatkov na teh portalih ali dru\u017ebenih omre\u017ejih ali tretjih osebah, kakor tudi o sprejetih ukrepih o varstvu le teh, saj se lahko razlikujejo od teh Pravil in na\u0161ih sprejetih ukrepov, za kar pa mi ne moremo biti odgovorni.<\/p>\n\n\n\n<h3 class=\"wp-block-heading\">Omejitev odgovornosti<\/h3>\n\n\n\n<p>\u010ceprav sprejemamo dostopne tehni\u010dne, organizacijske in kadrovske ukrepe za za\u0161\u010dito osebnih podatkov pred naklju\u010dno ali namerno zlorabo, uni\u010denjem, izgubo, nepoobla\u0161\u010denimi spremembami ali dostopom, ne moremo jam\u010diti, da nekateri osebni podatki, ki jih zberemo, kljub dolo\u010dbam teh Pravil o varovanju zasebnosti, ne bodo nikoli naklju\u010dno razkriti.<\/p>\n\n\n\n<p>V najve\u010dji meri, ki jo dopu\u0161\u010da zakon, izklju\u010dujemo odgovornost za \u0161kodo povzro\u010deno uporabnikom ali tretjim osebam z naklju\u010dnim razkritjem osebnih podatkov.<\/p>\n\n\n\n<p>Ker nimamo nadzora nad osebnimi podatki, ki jih predlo\u017eite pri dostopu do drugih portalov in uporabi le teh ali neposredno tretjim osebam (na primer pri sodelovanju v sponzoriranih dejavnostih), v najve\u010dji meri, ki jo dopu\u0161\u010da zakon, izklju\u010dujemo odgovornost za \u0161kodo, ki bi lahko nastala vam ali tretjim osebam zaradi posredovanja osebnih podatkov.<\/p>\n\n\n\n<h3 class=\"wp-block-heading\">Posodabljanje in spreminjanje<\/h3>\n\n\n\n<p>Pridr\u017eujemo si pravico na spreminjanje ali posodabljanje delov teh Pravil v vsakem trenutku in brez predhodne najave. Obi\u0161\u010dite ob\u010dasno na\u0161o spletno stran, da boste seznanjeni s spremembami ali posodobitvijo Pravil. Objavljen bo datum za\u010detka veljavnosti aktualne verzije Pravil.<\/p>\n\n\n\n<p>Ta Pravila so nazadnje spremenjena 24.5.2018.<\/p>\n\n\n        <\/div>\n    <\/div>\n<\/div>","protected":false},"excerpt":{"rendered":"","protected":false},"author":1,"featured_media":0,"parent":0,"menu_order":0,"comment_status":"closed","ping_status":"closed","template":"","meta":{"_acf_changed":false,"footnotes":""},"class_list":["post-240","page","type-page","status-publish","hentry"],"acf":[],"yoast_head":"<!-- This site is optimized with the Yoast SEO plugin v27.4 - https:\/\/yoast.com\/product\/yoast-seo-wordpress\/ -->\n<title>Pravila zasebnosti - Donatural<\/title>\n<meta name=\"robots\" content=\"noindex, follow, max-snippet:-1, max-image-preview:large, max-video-preview:-1\" \/>\n<meta property=\"og:locale\" content=\"sl_SI\" \/>\n<meta property=\"og:type\" content=\"article\" \/>\n<meta property=\"og:title\" content=\"Pravila zasebnosti - Donatural\" \/>\n<meta property=\"og:url\" content=\"https:\/\/donat-donatural.wp.dev.optiweb.si\/sl\/pravila-zasebnosti\/\" \/>\n<meta property=\"og:site_name\" content=\"Donatural\" \/>\n<meta property=\"article:modified_time\" content=\"2026-02-23T11:30:43+00:00\" \/>\n<meta name=\"twitter:card\" content=\"summary_large_image\" \/>\n<meta name=\"twitter:label1\" content=\"Est. reading time\" \/>\n\t<meta name=\"twitter:data1\" content=\"7 minutes\" \/>\n<script type=\"application\/ld+json\" class=\"yoast-schema-graph\">{\"@context\":\"https:\\\/\\\/schema.org\",\"@graph\":[{\"@type\":\"WebPage\",\"@id\":\"https:\\\/\\\/donat-donatural.wp.dev.optiweb.si\\\/sl\\\/pravila-zasebnosti\\\/\",\"url\":\"https:\\\/\\\/donat-donatural.wp.dev.optiweb.si\\\/sl\\\/pravila-zasebnosti\\\/\",\"name\":\"Pravila zasebnosti - Donatural\",\"isPartOf\":{\"@id\":\"https:\\\/\\\/donat-donatural.wp.dev.optiweb.si\\\/sl\\\/#website\"},\"datePublished\":\"2025-02-11T12:52:10+00:00\",\"dateModified\":\"2026-02-23T11:30:43+00:00\",\"breadcrumb\":{\"@id\":\"https:\\\/\\\/donat-donatural.wp.dev.optiweb.si\\\/sl\\\/pravila-zasebnosti\\\/#breadcrumb\"},\"inLanguage\":\"sl-SI\",\"potentialAction\":[{\"@type\":\"ReadAction\",\"target\":[\"https:\\\/\\\/donat-donatural.wp.dev.optiweb.si\\\/sl\\\/pravila-zasebnosti\\\/\"]}]},{\"@type\":\"BreadcrumbList\",\"@id\":\"https:\\\/\\\/donat-donatural.wp.dev.optiweb.si\\\/sl\\\/pravila-zasebnosti\\\/#breadcrumb\",\"itemListElement\":[{\"@type\":\"ListItem\",\"position\":1,\"name\":\"Home\",\"item\":\"https:\\\/\\\/donat-donatural.wp.dev.optiweb.si\\\/sl\\\/\"},{\"@type\":\"ListItem\",\"position\":2,\"name\":\"Pravila zasebnosti\"}]},{\"@type\":\"WebSite\",\"@id\":\"https:\\\/\\\/donat-donatural.wp.dev.optiweb.si\\\/sl\\\/#website\",\"url\":\"https:\\\/\\\/donat-donatural.wp.dev.optiweb.si\\\/sl\\\/\",\"name\":\"Donatural\",\"description\":\"\",\"publisher\":{\"@id\":\"https:\\\/\\\/donat-donatural.wp.dev.optiweb.si\\\/sl\\\/#organization\"},\"potentialAction\":[{\"@type\":\"SearchAction\",\"target\":{\"@type\":\"EntryPoint\",\"urlTemplate\":\"https:\\\/\\\/donat-donatural.wp.dev.optiweb.si\\\/sl\\\/?s={search_term_string}\"},\"query-input\":{\"@type\":\"PropertyValueSpecification\",\"valueRequired\":true,\"valueName\":\"search_term_string\"}}],\"inLanguage\":\"sl-SI\"},{\"@type\":\"Organization\",\"@id\":\"https:\\\/\\\/donat-donatural.wp.dev.optiweb.si\\\/sl\\\/#organization\",\"name\":\"Donatural\",\"url\":\"https:\\\/\\\/donat-donatural.wp.dev.optiweb.si\\\/sl\\\/\",\"logo\":{\"@type\":\"ImageObject\",\"inLanguage\":\"sl-SI\",\"@id\":\"https:\\\/\\\/donat-donatural.wp.dev.optiweb.si\\\/sl\\\/#\\\/schema\\\/logo\\\/image\\\/\",\"url\":\"https:\\\/\\\/donat-donatural.wp.dev.optiweb.si\\\/wp-content\\\/uploads\\\/2026\\\/04\\\/DONATURAL-LOGO-APR25-GREEN-02-1.svg\",\"contentUrl\":\"https:\\\/\\\/donat-donatural.wp.dev.optiweb.si\\\/wp-content\\\/uploads\\\/2026\\\/04\\\/DONATURAL-LOGO-APR25-GREEN-02-1.svg\",\"caption\":\"Donatural\"},\"image\":{\"@id\":\"https:\\\/\\\/donat-donatural.wp.dev.optiweb.si\\\/sl\\\/#\\\/schema\\\/logo\\\/image\\\/\"}}]}<\/script>\n<!-- \/ Yoast SEO plugin. -->","yoast_head_json":{"title":"Pravila zasebnosti - Donatural","robots":{"index":"noindex","follow":"follow","max-snippet":"max-snippet:-1","max-image-preview":"max-image-preview:large","max-video-preview":"max-video-preview:-1"},"og_locale":"sl_SI","og_type":"article","og_title":"Pravila zasebnosti - Donatural","og_url":"https:\/\/donat-donatural.wp.dev.optiweb.si\/sl\/pravila-zasebnosti\/","og_site_name":"Donatural","article_modified_time":"2026-02-23T11:30:43+00:00","twitter_card":"summary_large_image","twitter_misc":{"Est. reading time":"7 minutes"},"schema":{"@context":"https:\/\/schema.org","@graph":[{"@type":"WebPage","@id":"https:\/\/donat-donatural.wp.dev.optiweb.si\/sl\/pravila-zasebnosti\/","url":"https:\/\/donat-donatural.wp.dev.optiweb.si\/sl\/pravila-zasebnosti\/","name":"Pravila zasebnosti - Donatural","isPartOf":{"@id":"https:\/\/donat-donatural.wp.dev.optiweb.si\/sl\/#website"},"datePublished":"2025-02-11T12:52:10+00:00","dateModified":"2026-02-23T11:30:43+00:00","breadcrumb":{"@id":"https:\/\/donat-donatural.wp.dev.optiweb.si\/sl\/pravila-zasebnosti\/#breadcrumb"},"inLanguage":"sl-SI","potentialAction":[{"@type":"ReadAction","target":["https:\/\/donat-donatural.wp.dev.optiweb.si\/sl\/pravila-zasebnosti\/"]}]},{"@type":"BreadcrumbList","@id":"https:\/\/donat-donatural.wp.dev.optiweb.si\/sl\/pravila-zasebnosti\/#breadcrumb","itemListElement":[{"@type":"ListItem","position":1,"name":"Home","item":"https:\/\/donat-donatural.wp.dev.optiweb.si\/sl\/"},{"@type":"ListItem","position":2,"name":"Pravila zasebnosti"}]},{"@type":"WebSite","@id":"https:\/\/donat-donatural.wp.dev.optiweb.si\/sl\/#website","url":"https:\/\/donat-donatural.wp.dev.optiweb.si\/sl\/","name":"Donatural","description":"","publisher":{"@id":"https:\/\/donat-donatural.wp.dev.optiweb.si\/sl\/#organization"},"potentialAction":[{"@type":"SearchAction","target":{"@type":"EntryPoint","urlTemplate":"https:\/\/donat-donatural.wp.dev.optiweb.si\/sl\/?s={search_term_string}"},"query-input":{"@type":"PropertyValueSpecification","valueRequired":true,"valueName":"search_term_string"}}],"inLanguage":"sl-SI"},{"@type":"Organization","@id":"https:\/\/donat-donatural.wp.dev.optiweb.si\/sl\/#organization","name":"Donatural","url":"https:\/\/donat-donatural.wp.dev.optiweb.si\/sl\/","logo":{"@type":"ImageObject","inLanguage":"sl-SI","@id":"https:\/\/donat-donatural.wp.dev.optiweb.si\/sl\/#\/schema\/logo\/image\/","url":"https:\/\/donat-donatural.wp.dev.optiweb.si\/wp-content\/uploads\/2026\/04\/DONATURAL-LOGO-APR25-GREEN-02-1.svg","contentUrl":"https:\/\/donat-donatural.wp.dev.optiweb.si\/wp-content\/uploads\/2026\/04\/DONATURAL-LOGO-APR25-GREEN-02-1.svg","caption":"Donatural"},"image":{"@id":"https:\/\/donat-donatural.wp.dev.optiweb.si\/sl\/#\/schema\/logo\/image\/"}}]}},"_links":{"self":[{"href":"https:\/\/donat-donatural.wp.dev.optiweb.si\/sl\/wp-json\/wp\/v2\/pages\/240","targetHints":{"allow":["GET"]}}],"collection":[{"href":"https:\/\/donat-donatural.wp.dev.optiweb.si\/sl\/wp-json\/wp\/v2\/pages"}],"about":[{"href":"https:\/\/donat-donatural.wp.dev.optiweb.si\/sl\/wp-json\/wp\/v2\/types\/page"}],"author":[{"embeddable":true,"href":"https:\/\/donat-donatural.wp.dev.optiweb.si\/sl\/wp-json\/wp\/v2\/users\/1"}],"replies":[{"embeddable":true,"href":"https:\/\/donat-donatural.wp.dev.optiweb.si\/sl\/wp-json\/wp\/v2\/comments?post=240"}],"version-history":[{"count":3,"href":"https:\/\/donat-donatural.wp.dev.optiweb.si\/sl\/wp-json\/wp\/v2\/pages\/240\/revisions"}],"predecessor-version":[{"id":554,"href":"https:\/\/donat-donatural.wp.dev.optiweb.si\/sl\/wp-json\/wp\/v2\/pages\/240\/revisions\/554"}],"wp:attachment":[{"href":"https:\/\/donat-donatural.wp.dev.optiweb.si\/sl\/wp-json\/wp\/v2\/media?parent=240"}],"curies":[{"name":"wp","href":"https:\/\/api.w.org\/{rel}","templated":true}]}}