{"id":371,"date":"2025-01-09T14:25:26","date_gmt":"2025-01-09T13:25:26","guid":{"rendered":"https:\/\/donat-donatural.wp.dev.optiweb.si\/domov\/"},"modified":"2025-02-20T07:54:20","modified_gmt":"2025-02-20T06:54:20","slug":"domov","status":"publish","type":"page","link":"https:\/\/donat-donatural.wp.dev.optiweb.si\/hr\/","title":{"rendered":"Domov"},"content":{"rendered":"<div  class='wp-block-ow wp-block-ow-home-products '><div class='home-products__content-first'><div class='container'><div class='content'><div class='home-products__inner'><picture class='home-products__inner-decoration'><source media='(max-width: 767px)' srcset='https:\/\/donat-donatural.wp.dev.optiweb.si\/wp-content\/uploads\/2025\/02\/bg-hero-mobile.webp'  alt=''><img src='https:\/\/donat-donatural.wp.dev.optiweb.si\/wp-content\/uploads\/2025\/02\/bg-hero.webp' alt=''><\/picture><picture class='home-products__inner-image'><source media='(max-width: 767px)' srcset='https:\/\/donat-donatural.wp.dev.optiweb.si\/wp-content\/uploads\/2025\/02\/Group-400.png'  alt=''><img src='https:\/\/donat-donatural.wp.dev.optiweb.si\/wp-content\/uploads\/2025\/02\/Group-400.png' alt=''><\/picture><div class='home-products__inner-text'><h1 class='has-adobe-handwriting-ernie-font-family'><span>Tvoja<\/span><span>unutarnja<\/span><span>snaga<\/span><\/h1><p class='mt40 max350'>DoNatural je nova linija negaziranih herbalnih voda koja gasi \u017ee\u0111, osvje\u017eava te utjecajem na metabolizam ja\u010da tvoj svijet iznutra.<\/p><div class='wp-block-buttons is-layout-flex wp-block-buttons-is-layout-flex mt40'><div class='wp-block-button wp-block-button'><a class='wp-block-button__link wp-element-button' href='#aloe-vera' target=''>Upoznaj okuse<\/a><\/div><\/div><\/div><div class='home-products__inner-rotating-scroll'><img decoding=\"async\" src=\"https:\/\/donat-donatural.wp.dev.optiweb.si\/wp-content\/uploads\/2025\/02\/hr.svg\" class=\"rotating-image\" alt=\"\" \/><svg xmlns=\"http:\/\/www.w3.org\/2000\/svg\" width=\"20\" height=\"32\" viewBox=\"0 0 20 32\" fill=\"none\">\n<rect x=\"1\" y=\"1\" width=\"18\" height=\"30\" rx=\"9\" fill=\"white\" stroke=\"#00594E\" stroke-width=\"2\"\/>\n<rect class=\"wheel\" x=\"9\" y=\"8\" width=\"2\" height=\"8\" rx=\"1\" fill=\"#00594E\"\/>\n<\/svg><\/div><\/div><\/div><\/div><\/div><div id='aloe-vera' class='home-products__content-repeater' style='background-color: #ffffff'><div class='container'><div class='content'><div class='home-products__inner'><picture class='home-products__inner-decoration'><source media='(max-width: 767px)' srcset='https:\/\/donat-donatural.wp.dev.optiweb.si\/wp-content\/uploads\/2025\/02\/pattern.webp'  alt=''><img src='https:\/\/donat-donatural.wp.dev.optiweb.si\/wp-content\/uploads\/2025\/02\/bg-home.webp' alt=''><\/picture><div class='home-products__inner-text'><h2 class='has-adobe-handwriting-ernie-font-family'>Aloe vera<\/h2><h3 class='has-heading-6-font-size uppercase mt8'>LIMUNSKA TRAVA I KAMILICA<\/h3><p class='mt40 max420 maxcenter has-brand-green-color'>Za o\u017eivljavanje svih osjetila. Bogat okus za bolje raspolo\u017eenje.<\/p><div class='wp-block-buttons is-layout-flex is-content-justification-center wp-block-buttons-is-layout-flex mt32'><div class='wp-block-button wp-block-button'><a class='wp-block-button__link wp-element-button' href='https:\/\/donat-donatural.wp.dev.optiweb.si\/hr\/proizvodi\/aloe-vera\/' target=''>Otkrij okus <\/a><\/div><\/div><\/div><picture class='home-products__inner-image'><source media='(max-width: 767px)' srcset='https:\/\/donat-donatural.wp.dev.optiweb.si\/wp-content\/uploads\/2025\/02\/f-1.png'  alt=''><img src='https:\/\/donat-donatural.wp.dev.optiweb.si\/wp-content\/uploads\/2025\/02\/f-1.png' alt=''><\/picture><\/div><\/div><\/div><\/div><div id='limunska-trava' class='home-products__content-repeater' style='background-color: #ffffff'><div class='container'><div class='content'><div class='home-products__inner'><picture class='home-products__inner-decoration'><source media='(max-width: 767px)' srcset='https:\/\/donat-donatural.wp.dev.optiweb.si\/wp-content\/uploads\/2025\/02\/pattern.webp'  alt=''><img src='https:\/\/donat-donatural.wp.dev.optiweb.si\/wp-content\/uploads\/2025\/02\/bg-home.webp' alt=''><\/picture><div class='home-products__inner-text'><h2 class='has-adobe-handwriting-ernie-font-family'>Limunska trava<\/h2><h3 class='has-heading-6-font-size uppercase mt8'>MENTA I KOROMA\u010c<\/h3><p class='mt40 max420 maxcenter has-brand-green-color'>Za smirivanje i povratak ravnote\u017ee. Osvje\u017eavaju\u0107i okus koji uravnote\u017euje sva osjetila.<\/p><div class='wp-block-buttons is-layout-flex is-content-justification-center wp-block-buttons-is-layout-flex mt32'><div class='wp-block-button wp-block-button'><a class='wp-block-button__link wp-element-button' href='https:\/\/donat-donatural.wp.dev.optiweb.si\/hr\/proizvodi\/limunska-trava\/' target=''>Otkrij okus <\/a><\/div><\/div><\/div><picture class='home-products__inner-image'><source media='(max-width: 767px)' srcset='https:\/\/donat-donatural.wp.dev.optiweb.si\/wp-content\/uploads\/2025\/02\/f-3.png'  alt=''><img src='https:\/\/donat-donatural.wp.dev.optiweb.si\/wp-content\/uploads\/2025\/02\/f-3.png' alt=''><\/picture><\/div><\/div><\/div><\/div><div id='menta' class='home-products__content-repeater' style='background-color: #ffffff'><div class='container'><div class='content'><div class='home-products__inner'><picture class='home-products__inner-decoration'><source media='(max-width: 767px)' srcset='https:\/\/donat-donatural.wp.dev.optiweb.si\/wp-content\/uploads\/2025\/02\/pattern.webp'  alt=''><img src='https:\/\/donat-donatural.wp.dev.optiweb.si\/wp-content\/uploads\/2025\/02\/bg-home.webp' alt=''><\/picture><div class='home-products__inner-text'><h2 class='has-adobe-handwriting-ernie-font-family'>Menta<\/h2><h3 class='has-heading-6-font-size uppercase mt8'>MELISA I KAMILICA<\/h3><p class='mt40 max420 maxcenter has-brand-green-color'>Za opu\u0161tanje nakon napornog dana. Nje\u017ean okus koji ti poma\u017ee u prirodnom rastere\u0107enju stresa.<\/p><div class='wp-block-buttons is-layout-flex is-content-justification-center wp-block-buttons-is-layout-flex mt32'><div class='wp-block-button wp-block-button'><a class='wp-block-button__link wp-element-button' href='https:\/\/donat-donatural.wp.dev.optiweb.si\/hr\/proizvodi\/menta\/' target=''>Otkrij okus <\/a><\/div><\/div><\/div><picture class='home-products__inner-image'><source media='(max-width: 767px)' srcset='https:\/\/donat-donatural.wp.dev.optiweb.si\/wp-content\/uploads\/2025\/02\/f-2.png'  alt=''><img src='https:\/\/donat-donatural.wp.dev.optiweb.si\/wp-content\/uploads\/2025\/02\/f-2.png' alt=''><\/picture><\/div><\/div><\/div><\/div><\/div>\n\n<div id=\"\"\n     class=\"ow_container_section ow-kateri-donatural hide-element mb0 content_padding_top_112 content_padding_bottom_112\">\n            <style>\n            .ow_container_section {\n                position: relative;\n            }\n\n            .ow_container_section .container {\n                position: relative;\n            }\n\n            .ow_container_section .ow-container__bg-image {\n                position: absolute;\n                left: 0;\n                top: 0;\n                height: 100%;\n                width: 100%;\n                object-fit: cover;\n                object-position: center;\n            }\n\n            .ow_container_section .ow-container__bg-image img {\n                width: 100%;\n                height: 100%;\n                object-fit: cover;\n            }\n        <\/style>\n        <picture class='ow-container__bg-image'><source media='(max-width: 767px)' srcset='https:\/\/donat-donatural.wp.dev.optiweb.si\/wp-content\/uploads\/2025\/02\/Ajda-Strnad-4-1-1.jpg'  alt=''><img src='https:\/\/donat-donatural.wp.dev.optiweb.si\/wp-content\/uploads\/2025\/02\/image-65.jpg' alt=''><\/picture>    <div class=\"container\">\n        <div class=\"content\">\n            \n\n<h2 class=\"wp-block-heading has-white-color has-text-color has-link-color has-adobe-handwriting-ernie-font-family mb88 wp-elements-bf28400fd462e45751ade0cc0ea57366\"><span>Kateri<\/span><span>DoNatural<\/span><span>je zate?<\/span><\/h2>\n\n\n\n<p class=\"has-white-color has-text-color has-link-color mb40 wp-elements-e9785a9455269c13c747b0092e99b16f\">Te zanima, katera herbalna voda je prava<br>izbira zate? Re\u0161i test in ugotovi!<\/p>\n\n\n\n<div class=\"wp-block-buttons is-layout-flex wp-block-buttons-is-layout-flex\">\n<div class=\"wp-block-button wp-block-button--white\"><a class=\"wp-block-button__link wp-element-button\" href=\"#\">Read more<\/a><\/div>\n<\/div>\n\n\n        <\/div>\n    <\/div>\n<\/div>\n\n<div  class='wp-block-ow wp-block-ow-ingredients '><div class='container'><div class='content'><div class='ingredients__crevka'><svg xmlns=\"http:\/\/www.w3.org\/2000\/svg\" width=\"752\" height=\"1957\" viewBox=\"0 0 752 1957\" fill=\"none\">\n<path opacity=\"0.24\" d=\"M258.913 607.587C261.692 666.232 310.246 713.227 369.517 713.227H505.258C535.423 713.227 560.031 737.85 560.031 768.032C560.031 798.215 535.423 822.838 505.258 822.838H169.875C108.752 822.838 59.0063 872.613 59.0063 933.773C59.0063 994.933 108.752 1044.71 169.875 1044.71H641.132C671.296 1044.71 695.904 1069.33 695.904 1099.51C695.904 1129.7 671.296 1154.32 641.132 1154.32H110.868C49.7453 1154.32 0 1204.1 0 1265.26C0 1326.42 49.7453 1376.19 110.868 1376.19H449.692C479.856 1376.19 504.465 1400.81 504.465 1431C504.465 1461.18 479.856 1485.8 449.692 1485.8H377.191C316.068 1485.8 266.322 1535.58 266.322 1596.74V1957H322.418V1596.74C322.418 1566.56 347.026 1541.93 377.191 1541.93H449.692C510.815 1541.93 560.56 1492.16 560.56 1431C560.56 1369.84 510.815 1320.06 449.692 1320.06H110.868C80.7037 1320.06 56.0957 1295.44 56.0957 1265.26C56.0957 1235.07 80.7037 1210.45 110.868 1210.45H641.132C702.255 1210.45 752 1160.67 752 1099.51C752 1038.35 702.255 988.579 641.132 988.579H169.875C139.71 988.579 115.102 963.956 115.102 933.773C115.102 903.591 139.71 878.968 169.875 878.968H505.391C566.514 878.968 616.259 829.193 616.259 768.032C616.259 706.872 566.514 657.097 505.391 657.097H369.65C339.485 657.097 314.877 632.474 314.877 602.291V0H258.781V607.587H259.046H258.913Z\" fill=\"#BDAB8D\"\/>\n<\/svg><\/div><div class='ingredients__inner'><div class='ingredients__inner-text'><\/div><div class='ingredients__inner-ingredients animate-elements'><div class='ingredients__inner-ingredient has-white-background-color'><img loading=\"lazy\" decoding=\"async\" width=\"160\" height=\"160\" src=\"https:\/\/donat-donatural.wp.dev.optiweb.si\/wp-content\/uploads\/2025\/02\/ico.png\" class=\"ingredients__inner-ingredient-image\" alt=\"\" srcset=\"https:\/\/donat-donatural.wp.dev.optiweb.si\/wp-content\/uploads\/2025\/02\/ico.png 160w, https:\/\/donat-donatural.wp.dev.optiweb.si\/wp-content\/uploads\/2025\/02\/ico-150x150.png 150w\" sizes=\"auto, (max-width: 160px) 100vw, 160px\" \/><p class='mt24 has-heading-4-font-size has-brand-green-color has-medium-font-weight'>Pa\u017eljivo odabrano ljekovito bilje<\/p><p class='mt16 has-description-font-size'><\/p><\/div><div class='ingredients__inner-ingredient has-white-background-color'><img decoding=\"async\" src=\"https:\/\/donat-donatural.wp.dev.optiweb.si\/wp-content\/uploads\/2025\/02\/ico-2.svg\" class=\"ingredients__inner-ingredient-image\" alt=\"\" \/><p class='mt24 has-heading-4-font-size has-brand-green-color has-medium-font-weight'>Inovativni aktivni sastojci<\/p><p class='mt16 has-description-font-size'><\/p><\/div><div class='ingredients__inner-ingredient has-white-background-color'><img decoding=\"async\" src=\"https:\/\/donat-donatural.wp.dev.optiweb.si\/wp-content\/uploads\/2025\/02\/ico1.svg\" class=\"ingredients__inner-ingredient-image\" alt=\"\" \/><p class='mt24 has-heading-4-font-size has-brand-green-color has-medium-font-weight'>Dodani minerali<\/p><p class='mt16 has-description-font-size'><\/p><\/div><div class='ingredients__inner-ingredient has-white-background-color'><img decoding=\"async\" src=\"https:\/\/donat-donatural.wp.dev.optiweb.si\/wp-content\/uploads\/2025\/02\/ico2.svg\" class=\"ingredients__inner-ingredient-image\" alt=\"\" \/><p class='mt24 has-heading-4-font-size has-brand-green-color has-medium-font-weight'>Izvor prehrambenih vlakana<\/p><p class='mt16 has-description-font-size'><\/p><\/div><\/div><\/div><\/div><\/div><\/div>\n\n<div  class='wp-block-ow wp-block-ow-articles hide-element content_padding_top_160 content_padding_bottom_160'><div class='container'><div class='content'><div class='articles'><div class='articles__text'><div class=\"acf-innerblocks-container\">\n\n<h2 class=\"wp-block-heading has-adobe-handwriting-ernie-font-family has-heading-1-hero-font-size mb16\">Articles<\/h2>\n\n\n\n<p class=\"max350 mb48\">Za vas smo pripravili uporabne prispevke z znanstvenim ozadjem, kako poskrbeti za zdravo prebavo.<\/p>\n\n\n\n<div class=\"wp-block-buttons is-layout-flex wp-block-buttons-is-layout-flex\">\n<div class=\"wp-block-button\"><a class=\"wp-block-button__link wp-element-button\" href=\"\/blog\">All articles<\/a><\/div>\n<\/div>\n\n<\/div><\/div><div class='articles__list'><\/div><\/div><\/div><\/div><\/div>","protected":false},"excerpt":{"rendered":"","protected":false},"author":1,"featured_media":0,"parent":0,"menu_order":0,"comment_status":"closed","ping_status":"closed","template":"","meta":{"_acf_changed":false,"footnotes":""},"class_list":["post-371","page","type-page","status-publish","hentry"],"acf":[],"yoast_head":"<!-- This site is optimized with the Yoast SEO plugin v27.4 - https:\/\/yoast.com\/product\/yoast-seo-wordpress\/ -->\n<title>Herbalne vode DoNatural<\/title>\n<meta name=\"description\" content=\"DoNatural je nova linija negaziranih herbalnih voda koja gasi \u017ee\u0111, osvje\u017eava te utjecajem na metabolizam ja\u010da tvoj svijet iznutra.\" \/>\n<meta name=\"robots\" content=\"noindex, follow, max-snippet:-1, max-image-preview:large, max-video-preview:-1\" \/>\n<meta property=\"og:locale\" content=\"hr_HR\" \/>\n<meta property=\"og:type\" content=\"article\" \/>\n<meta property=\"og:title\" content=\"Herbalne vode DoNatural\" \/>\n<meta property=\"og:description\" content=\"DoNatural je nova linija negaziranih herbalnih voda koja gasi \u017ee\u0111, osvje\u017eava te utjecajem na metabolizam ja\u010da tvoj svijet iznutra.\" \/>\n<meta property=\"og:url\" content=\"https:\/\/donat-donatural.wp.dev.optiweb.si\/hr\/\" \/>\n<meta property=\"og:site_name\" content=\"Donatural\" \/>\n<meta property=\"article:modified_time\" content=\"2025-02-20T06:54:20+00:00\" \/>\n<meta name=\"twitter:card\" content=\"summary_large_image\" \/>\n<meta name=\"twitter:label1\" content=\"Est. reading time\" \/>\n\t<meta name=\"twitter:data1\" content=\"1 minute\" \/>\n<script type=\"application\/ld+json\" class=\"yoast-schema-graph\">{\"@context\":\"https:\\\/\\\/schema.org\",\"@graph\":[{\"@type\":\"WebPage\",\"@id\":\"https:\\\/\\\/donat-donatural.wp.dev.optiweb.si\\\/hr\\\/\",\"url\":\"https:\\\/\\\/donat-donatural.wp.dev.optiweb.si\\\/hr\\\/\",\"name\":\"Herbalne vode DoNatural\",\"isPartOf\":{\"@id\":\"https:\\\/\\\/donat-donatural.wp.dev.optiweb.si\\\/hr\\\/#website\"},\"datePublished\":\"2025-01-09T13:25:26+00:00\",\"dateModified\":\"2025-02-20T06:54:20+00:00\",\"description\":\"DoNatural je nova linija negaziranih herbalnih voda koja gasi \u017ee\u0111, osvje\u017eava te utjecajem na metabolizam ja\u010da tvoj svijet iznutra.\",\"breadcrumb\":{\"@id\":\"https:\\\/\\\/donat-donatural.wp.dev.optiweb.si\\\/hr\\\/#breadcrumb\"},\"inLanguage\":\"hr\",\"potentialAction\":[{\"@type\":\"ReadAction\",\"target\":[\"https:\\\/\\\/donat-donatural.wp.dev.optiweb.si\\\/hr\\\/\"]}]},{\"@type\":\"BreadcrumbList\",\"@id\":\"https:\\\/\\\/donat-donatural.wp.dev.optiweb.si\\\/hr\\\/#breadcrumb\",\"itemListElement\":[{\"@type\":\"ListItem\",\"position\":1,\"name\":\"Home\",\"item\":\"https:\\\/\\\/donat-donatural.wp.dev.optiweb.si\\\/hr\\\/\"},{\"@type\":\"ListItem\",\"position\":2,\"name\":\"Domov\"}]},{\"@type\":\"WebSite\",\"@id\":\"https:\\\/\\\/donat-donatural.wp.dev.optiweb.si\\\/hr\\\/#website\",\"url\":\"https:\\\/\\\/donat-donatural.wp.dev.optiweb.si\\\/hr\\\/\",\"name\":\"Donatural\",\"description\":\"\",\"publisher\":{\"@id\":\"https:\\\/\\\/donat-donatural.wp.dev.optiweb.si\\\/hr\\\/#organization\"},\"potentialAction\":[{\"@type\":\"SearchAction\",\"target\":{\"@type\":\"EntryPoint\",\"urlTemplate\":\"https:\\\/\\\/donat-donatural.wp.dev.optiweb.si\\\/hr\\\/?s={search_term_string}\"},\"query-input\":{\"@type\":\"PropertyValueSpecification\",\"valueRequired\":true,\"valueName\":\"search_term_string\"}}],\"inLanguage\":\"hr\"},{\"@type\":\"Organization\",\"@id\":\"https:\\\/\\\/donat-donatural.wp.dev.optiweb.si\\\/hr\\\/#organization\",\"name\":\"Donatural\",\"url\":\"https:\\\/\\\/donat-donatural.wp.dev.optiweb.si\\\/hr\\\/\",\"logo\":{\"@type\":\"ImageObject\",\"inLanguage\":\"hr\",\"@id\":\"https:\\\/\\\/donat-donatural.wp.dev.optiweb.si\\\/hr\\\/#\\\/schema\\\/logo\\\/image\\\/\",\"url\":\"https:\\\/\\\/donat-donatural.wp.dev.optiweb.si\\\/wp-content\\\/uploads\\\/2026\\\/04\\\/DONATURAL-LOGO-APR25-GREEN-02-1.svg\",\"contentUrl\":\"https:\\\/\\\/donat-donatural.wp.dev.optiweb.si\\\/wp-content\\\/uploads\\\/2026\\\/04\\\/DONATURAL-LOGO-APR25-GREEN-02-1.svg\",\"caption\":\"Donatural\"},\"image\":{\"@id\":\"https:\\\/\\\/donat-donatural.wp.dev.optiweb.si\\\/hr\\\/#\\\/schema\\\/logo\\\/image\\\/\"}}]}<\/script>\n<!-- \/ Yoast SEO plugin. -->","yoast_head_json":{"title":"Herbalne vode DoNatural","description":"DoNatural je nova linija negaziranih herbalnih voda koja gasi \u017ee\u0111, osvje\u017eava te utjecajem na metabolizam ja\u010da tvoj svijet iznutra.","robots":{"index":"noindex","follow":"follow","max-snippet":"max-snippet:-1","max-image-preview":"max-image-preview:large","max-video-preview":"max-video-preview:-1"},"og_locale":"hr_HR","og_type":"article","og_title":"Herbalne vode DoNatural","og_description":"DoNatural je nova linija negaziranih herbalnih voda koja gasi \u017ee\u0111, osvje\u017eava te utjecajem na metabolizam ja\u010da tvoj svijet iznutra.","og_url":"https:\/\/donat-donatural.wp.dev.optiweb.si\/hr\/","og_site_name":"Donatural","article_modified_time":"2025-02-20T06:54:20+00:00","twitter_card":"summary_large_image","twitter_misc":{"Est. reading time":"1 minute"},"schema":{"@context":"https:\/\/schema.org","@graph":[{"@type":"WebPage","@id":"https:\/\/donat-donatural.wp.dev.optiweb.si\/hr\/","url":"https:\/\/donat-donatural.wp.dev.optiweb.si\/hr\/","name":"Herbalne vode DoNatural","isPartOf":{"@id":"https:\/\/donat-donatural.wp.dev.optiweb.si\/hr\/#website"},"datePublished":"2025-01-09T13:25:26+00:00","dateModified":"2025-02-20T06:54:20+00:00","description":"DoNatural je nova linija negaziranih herbalnih voda koja gasi \u017ee\u0111, osvje\u017eava te utjecajem na metabolizam ja\u010da tvoj svijet iznutra.","breadcrumb":{"@id":"https:\/\/donat-donatural.wp.dev.optiweb.si\/hr\/#breadcrumb"},"inLanguage":"hr","potentialAction":[{"@type":"ReadAction","target":["https:\/\/donat-donatural.wp.dev.optiweb.si\/hr\/"]}]},{"@type":"BreadcrumbList","@id":"https:\/\/donat-donatural.wp.dev.optiweb.si\/hr\/#breadcrumb","itemListElement":[{"@type":"ListItem","position":1,"name":"Home","item":"https:\/\/donat-donatural.wp.dev.optiweb.si\/hr\/"},{"@type":"ListItem","position":2,"name":"Domov"}]},{"@type":"WebSite","@id":"https:\/\/donat-donatural.wp.dev.optiweb.si\/hr\/#website","url":"https:\/\/donat-donatural.wp.dev.optiweb.si\/hr\/","name":"Donatural","description":"","publisher":{"@id":"https:\/\/donat-donatural.wp.dev.optiweb.si\/hr\/#organization"},"potentialAction":[{"@type":"SearchAction","target":{"@type":"EntryPoint","urlTemplate":"https:\/\/donat-donatural.wp.dev.optiweb.si\/hr\/?s={search_term_string}"},"query-input":{"@type":"PropertyValueSpecification","valueRequired":true,"valueName":"search_term_string"}}],"inLanguage":"hr"},{"@type":"Organization","@id":"https:\/\/donat-donatural.wp.dev.optiweb.si\/hr\/#organization","name":"Donatural","url":"https:\/\/donat-donatural.wp.dev.optiweb.si\/hr\/","logo":{"@type":"ImageObject","inLanguage":"hr","@id":"https:\/\/donat-donatural.wp.dev.optiweb.si\/hr\/#\/schema\/logo\/image\/","url":"https:\/\/donat-donatural.wp.dev.optiweb.si\/wp-content\/uploads\/2026\/04\/DONATURAL-LOGO-APR25-GREEN-02-1.svg","contentUrl":"https:\/\/donat-donatural.wp.dev.optiweb.si\/wp-content\/uploads\/2026\/04\/DONATURAL-LOGO-APR25-GREEN-02-1.svg","caption":"Donatural"},"image":{"@id":"https:\/\/donat-donatural.wp.dev.optiweb.si\/hr\/#\/schema\/logo\/image\/"}}]}},"_links":{"self":[{"href":"https:\/\/donat-donatural.wp.dev.optiweb.si\/hr\/wp-json\/wp\/v2\/pages\/371","targetHints":{"allow":["GET"]}}],"collection":[{"href":"https:\/\/donat-donatural.wp.dev.optiweb.si\/hr\/wp-json\/wp\/v2\/pages"}],"about":[{"href":"https:\/\/donat-donatural.wp.dev.optiweb.si\/hr\/wp-json\/wp\/v2\/types\/page"}],"author":[{"embeddable":true,"href":"https:\/\/donat-donatural.wp.dev.optiweb.si\/hr\/wp-json\/wp\/v2\/users\/1"}],"replies":[{"embeddable":true,"href":"https:\/\/donat-donatural.wp.dev.optiweb.si\/hr\/wp-json\/wp\/v2\/comments?post=371"}],"version-history":[{"count":5,"href":"https:\/\/donat-donatural.wp.dev.optiweb.si\/hr\/wp-json\/wp\/v2\/pages\/371\/revisions"}],"predecessor-version":[{"id":473,"href":"https:\/\/donat-donatural.wp.dev.optiweb.si\/hr\/wp-json\/wp\/v2\/pages\/371\/revisions\/473"}],"wp:attachment":[{"href":"https:\/\/donat-donatural.wp.dev.optiweb.si\/hr\/wp-json\/wp\/v2\/media?parent=371"}],"curies":[{"name":"wp","href":"https:\/\/api.w.org\/{rel}","templated":true}]}}